{"id":1358,"date":"2020-11-23T07:31:39","date_gmt":"2020-11-23T07:31:39","guid":{"rendered":"http:\/\/rubisasphalt.com\/?page_id=1358"},"modified":"2023-11-27T06:42:32","modified_gmt":"2023-11-27T06:42:32","slug":"about-us","status":"publish","type":"page","link":"https:\/\/rubisasphalt.com\/fr\/about-us\/","title":{"rendered":"About Us"},"content":{"rendered":"<p>Rubis, une soci\u00e9t\u00e9 fond\u00e9e en 1990 et cot\u00e9e \u00e0 la Bourse de Paris, est un op\u00e9rateur p\u00e9trolier fran\u00e7ais ind\u00e9pendant sp\u00e9cialis\u00e9 dans trois domaines d&#8217;activit\u00e9s:<\/p>\n<p>La distribution de produits p\u00e9troliers (r\u00e9seau de stations-service, fioul commercial, carburant aviation, GPL, bitume, etc.), avec des op\u00e9rations en Europe, aux Cara\u00efbes et en Afrique \u00e0 travers sa filiale Rubis \u00c9nergie &#8211; \u00a0<strong><a href=\"https:\/\/www.rubisenergie.com\">https:\/\/www.rubisenergie.com<\/a><\/strong> ;<\/p>\n<p>Le stockage via sa filiale Rubis Terminal, offrant des capacit\u00e9s de stockage de produits liquides \u00e0 ses clients des secteurs p\u00e9trolier, chimique et agroalimentaire. Rubis Terminal est un leader du march\u00e9 en France et exerce \u00e9galement ses activit\u00e9s aux Pays-Bas, en Belgique et en Turquie;<\/p>\n<p>Le support et les services, de notre activit\u00e9 de distribution en aval de produits p\u00e9troliers, avec un r\u00f4le interm\u00e9diaire, regroupant les op\u00e9rations de raffinage, de n\u00e9goce &#8211; approvisionnement et d&#8217;exp\u00e9dition.<\/p>\n","protected":false},"excerpt":{"rendered":"<p>Rubis, une soci\u00e9t\u00e9 fond\u00e9e en 1990 et cot\u00e9e \u00e0 la Bourse de Paris, est un op\u00e9rateur p\u00e9trolier fran\u00e7ais ind\u00e9pendant sp\u00e9cialis\u00e9 dans trois domaines d&#8217;activit\u00e9s: La distribution de produits p\u00e9troliers (r\u00e9seau de stations-service, fioul commercial, carburant aviation, GPL, bitume, etc.), avec des op\u00e9rations en Europe, aux Cara\u00efbes et en Afrique \u00e0 travers sa filiale Rubis \u00c9nergie &hellip; <\/p>\n<p class=\"link-more\"><a href=\"https:\/\/rubisasphalt.com\/fr\/about-us\/\" class=\"more-link\">Continue reading<span class=\"screen-reader-text\"> &#8220;About Us&#8221;<\/span><\/a><\/p>\n","protected":false},"author":1,"featured_media":0,"parent":0,"menu_order":0,"comment_status":"closed","ping_status":"closed","template":"about-template-new.php","meta":{"footnotes":""},"class_list":["post-1358","page","type-page","status-publish","hentry"],"_links":{"self":[{"href":"https:\/\/rubisasphalt.com\/fr\/wp-json\/wp\/v2\/pages\/1358","targetHints":{"allow":["GET"]}}],"collection":[{"href":"https:\/\/rubisasphalt.com\/fr\/wp-json\/wp\/v2\/pages"}],"about":[{"href":"https:\/\/rubisasphalt.com\/fr\/wp-json\/wp\/v2\/types\/page"}],"author":[{"embeddable":true,"href":"https:\/\/rubisasphalt.com\/fr\/wp-json\/wp\/v2\/users\/1"}],"replies":[{"embeddable":true,"href":"https:\/\/rubisasphalt.com\/fr\/wp-json\/wp\/v2\/comments?post=1358"}],"version-history":[{"count":43,"href":"https:\/\/rubisasphalt.com\/fr\/wp-json\/wp\/v2\/pages\/1358\/revisions"}],"predecessor-version":[{"id":2104,"href":"https:\/\/rubisasphalt.com\/fr\/wp-json\/wp\/v2\/pages\/1358\/revisions\/2104"}],"wp:attachment":[{"href":"https:\/\/rubisasphalt.com\/fr\/wp-json\/wp\/v2\/media?parent=1358"}],"curies":[{"name":"wp","href":"https:\/\/api.w.org\/{rel}","templated":true}]}}