{"id":1467,"date":"2020-11-27T04:21:59","date_gmt":"2020-11-27T04:21:59","guid":{"rendered":"http:\/\/rubisasphalt.com\/?page_id=1467"},"modified":"2024-11-22T11:02:48","modified_gmt":"2024-11-22T11:02:48","slug":"service","status":"publish","type":"page","link":"https:\/\/rubisasphalt.com\/fr\/service\/","title":{"rendered":"Services"},"content":{"rendered":"<p>Nous proposons une solution tout inclus combinant produit, logistique, services techniques et accompagnement tout au long du parcours d&#8217;approvisionnement de la raffinerie au chantier. Ceci donne aux clients la flexibilit\u00e9 dont ils ont besoin pour faire ce qu&#8217;ils font le mieux: construire des routes de premi\u00e8re classe et de longue dur\u00e9e.<\/p>\n","protected":false},"excerpt":{"rendered":"<p>Nous proposons une solution tout inclus combinant produit, logistique, services techniques et accompagnement tout au long du parcours d&#8217;approvisionnement de la raffinerie au chantier. Ceci donne aux clients la flexibilit\u00e9 dont ils ont besoin pour faire ce qu&#8217;ils font le mieux: construire des routes de premi\u00e8re classe et de longue dur\u00e9e.<\/p>\n","protected":false},"author":1,"featured_media":0,"parent":0,"menu_order":0,"comment_status":"closed","ping_status":"closed","template":"services-template-new.php","meta":{"footnotes":""},"class_list":["post-1467","page","type-page","status-publish","hentry"],"_links":{"self":[{"href":"https:\/\/rubisasphalt.com\/fr\/wp-json\/wp\/v2\/pages\/1467","targetHints":{"allow":["GET"]}}],"collection":[{"href":"https:\/\/rubisasphalt.com\/fr\/wp-json\/wp\/v2\/pages"}],"about":[{"href":"https:\/\/rubisasphalt.com\/fr\/wp-json\/wp\/v2\/types\/page"}],"author":[{"embeddable":true,"href":"https:\/\/rubisasphalt.com\/fr\/wp-json\/wp\/v2\/users\/1"}],"replies":[{"embeddable":true,"href":"https:\/\/rubisasphalt.com\/fr\/wp-json\/wp\/v2\/comments?post=1467"}],"version-history":[{"count":39,"href":"https:\/\/rubisasphalt.com\/fr\/wp-json\/wp\/v2\/pages\/1467\/revisions"}],"predecessor-version":[{"id":2112,"href":"https:\/\/rubisasphalt.com\/fr\/wp-json\/wp\/v2\/pages\/1467\/revisions\/2112"}],"wp:attachment":[{"href":"https:\/\/rubisasphalt.com\/fr\/wp-json\/wp\/v2\/media?parent=1467"}],"curies":[{"name":"wp","href":"https:\/\/api.w.org\/{rel}","templated":true}]}}