{"id":1536,"date":"2020-11-27T11:48:56","date_gmt":"2020-11-27T11:48:56","guid":{"rendered":"http:\/\/rubisasphalt.com\/?page_id=1536"},"modified":"2021-03-02T04:16:38","modified_gmt":"2021-03-02T04:16:38","slug":"products","status":"publish","type":"page","link":"https:\/\/rubisasphalt.com\/fr\/products\/","title":{"rendered":"Products"},"content":{"rendered":"<p>Nous fournissons tous types de bitumes et fabriquons une large gamme de sous-produits tels que des cut-backs, des \u00e9mulsions et du bitume modifi\u00e9 aux polym\u00e8res, conformes aux normes internationales. R\u00e9pondre aux exigences de nos clients est notre priorit\u00e9.<\/p>\n","protected":false},"excerpt":{"rendered":"<p>Nous fournissons tous types de bitumes et fabriquons une large gamme de sous-produits tels que des cut-backs, des \u00e9mulsions et du bitume modifi\u00e9 aux polym\u00e8res, conformes aux normes internationales. R\u00e9pondre aux exigences de nos clients est notre priorit\u00e9.<\/p>\n","protected":false},"author":1,"featured_media":0,"parent":0,"menu_order":0,"comment_status":"closed","ping_status":"closed","template":"products-template-new.php","meta":{"footnotes":""},"class_list":["post-1536","page","type-page","status-publish","hentry"],"_links":{"self":[{"href":"https:\/\/rubisasphalt.com\/fr\/wp-json\/wp\/v2\/pages\/1536","targetHints":{"allow":["GET"]}}],"collection":[{"href":"https:\/\/rubisasphalt.com\/fr\/wp-json\/wp\/v2\/pages"}],"about":[{"href":"https:\/\/rubisasphalt.com\/fr\/wp-json\/wp\/v2\/types\/page"}],"author":[{"embeddable":true,"href":"https:\/\/rubisasphalt.com\/fr\/wp-json\/wp\/v2\/users\/1"}],"replies":[{"embeddable":true,"href":"https:\/\/rubisasphalt.com\/fr\/wp-json\/wp\/v2\/comments?post=1536"}],"version-history":[{"count":26,"href":"https:\/\/rubisasphalt.com\/fr\/wp-json\/wp\/v2\/pages\/1536\/revisions"}],"predecessor-version":[{"id":1913,"href":"https:\/\/rubisasphalt.com\/fr\/wp-json\/wp\/v2\/pages\/1536\/revisions\/1913"}],"wp:attachment":[{"href":"https:\/\/rubisasphalt.com\/fr\/wp-json\/wp\/v2\/media?parent=1536"}],"curies":[{"name":"wp","href":"https:\/\/api.w.org\/{rel}","templated":true}]}}